{"id":34,"date":"2026-01-15T14:05:12","date_gmt":"2026-01-15T13:05:12","guid":{"rendered":"https:\/\/les-chaudieres.fr\/?page_id=34"},"modified":"2026-02-08T19:33:12","modified_gmt":"2026-02-08T18:33:12","slug":"accueil","status":"publish","type":"page","link":"https:\/\/les-chaudieres.fr\/","title":{"rendered":""},"content":{"rendered":"  \n  \n  <div class=\"\n    mailpoet_form_popup_overlay\n      \"><\/div>\n  <div\n    id=\"mailpoet_form_2\"\n    class=\"\n      mailpoet_form\n      mailpoet_form_html\n      mailpoet_form_position_\n      mailpoet_form_animation_\n    \"\n      >\n\n    <style type=\"text\/css\">\n     #mailpoet_form_2 form.mailpoet_form { margin-bottom: 0; }\n#mailpoet_form_2 p.mailpoet_form_paragraph.last { margin-bottom: 0px; }\n#mailpoet_form_2 h1.mailpoet-heading { margin: 0 0 10px; }\n#mailpoet_form_2 .mailpoet_column_with_background { padding: 10px; }\n#mailpoet_form_2 .mailpoet_form_column:not(:first-child) { margin-left: 20px; }\n#mailpoet_form_2 .mailpoet_paragraph { line-height: 20px; margin-bottom: 20px; }\n#mailpoet_form_2 .mailpoet_segment_label, #mailpoet_form_2 .mailpoet_text_label, #mailpoet_form_2 .mailpoet_textarea_label, #mailpoet_form_2 .mailpoet_select_label, #mailpoet_form_2 .mailpoet_radio_label, #mailpoet_form_2 .mailpoet_checkbox_label, #mailpoet_form_2 .mailpoet_list_label, #mailpoet_form_2 .mailpoet_date_label { display: block; font-weight: normal; }\n#mailpoet_form_2 .mailpoet_text, #mailpoet_form_2 .mailpoet_textarea, #mailpoet_form_2 .mailpoet_select, #mailpoet_form_2 .mailpoet_date_month, #mailpoet_form_2 .mailpoet_date_day, #mailpoet_form_2 .mailpoet_date_year, #mailpoet_form_2 .mailpoet_date { display: block; }\n#mailpoet_form_2 .mailpoet_text, #mailpoet_form_2 .mailpoet_textarea { width: 200px; }\n#mailpoet_form_2 .mailpoet_checkbox {  }\n#mailpoet_form_2 .mailpoet_submit {  }\n#mailpoet_form_2 .mailpoet_divider {  }\n#mailpoet_form_2 .mailpoet_message {  }\n#mailpoet_form_2 .mailpoet_form_loading { width: 30px; text-align: center; line-height: normal; }\n#mailpoet_form_2 .mailpoet_form_loading > span { width: 5px; height: 5px; background-color: #5b5b5b; }#mailpoet_form_2{border: 10px solid #f7f7f7;border-radius: 15px;background: #ffffff;color: #313131;text-align: left;}#mailpoet_form_2 form.mailpoet_form {padding: 10px;}#mailpoet_form_2{width: 100%;}#mailpoet_form_2 .mailpoet_message {margin: 0; padding: 0 20px;}\n        #mailpoet_form_2 .mailpoet_validate_success {color: #00d084}\n        #mailpoet_form_2 input.parsley-success {color: #00d084}\n        #mailpoet_form_2 select.parsley-success {color: #00d084}\n        #mailpoet_form_2 textarea.parsley-success {color: #00d084}\n      \n        #mailpoet_form_2 .mailpoet_validate_error {color: #cf2e2e}\n        #mailpoet_form_2 input.parsley-error {color: #cf2e2e}\n        #mailpoet_form_2 select.parsley-error {color: #cf2e2e}\n        #mailpoet_form_2 textarea.textarea.parsley-error {color: #cf2e2e}\n        #mailpoet_form_2 .parsley-errors-list {color: #cf2e2e}\n        #mailpoet_form_2 .parsley-required {color: #cf2e2e}\n        #mailpoet_form_2 .parsley-custom-error-message {color: #cf2e2e}\n      #mailpoet_form_2 .mailpoet_paragraph.last {margin-bottom: 0} @media (max-width: 500px) {#mailpoet_form_2 {background: #ffffff;}} @media (min-width: 500px) {#mailpoet_form_2 .last .mailpoet_paragraph:last-child {margin-bottom: 0}}  @media (max-width: 500px) {#mailpoet_form_2 .mailpoet_form_column:last-child .mailpoet_paragraph:last-child {margin-bottom: 0}} \n    <\/style>\n\n    <form\n      target=\"_self\"\n      method=\"post\"\n      action=\"https:\/\/les-chaudieres.fr\/wp-admin\/admin-post.php?action=mailpoet_subscription_form\"\n      class=\"mailpoet_form mailpoet_form_form mailpoet_form_html\"\n      novalidate\n      data-delay=\"\"\n      data-exit-intent-enabled=\"\"\n      data-font-family=\"\"\n      data-cookie-expiration-time=\"\"\n    >\n      <input type=\"hidden\" name=\"data[form_id]\" value=\"2\" \/>\n      <input type=\"hidden\" name=\"token\" value=\"f4cbdb715b\" \/>\n      <input type=\"hidden\" name=\"api_version\" value=\"v1\" \/>\n      <input type=\"hidden\" name=\"endpoint\" value=\"subscribers\" \/>\n      <input type=\"hidden\" name=\"mailpoet_method\" value=\"subscribe\" \/>\n\n      <label class=\"mailpoet_hp_email_label\" style=\"display: none !important;\">Veuillez laisser ce champ vide<input type=\"email\" name=\"data[email]\"\/><\/label><h1 class=\"mailpoet-heading  mailpoet-has-font-size\" style=\"text-align: center; color: #313131; font-size: 40px; line-height: 1.2\">\ud83d\udd25 <span style=\"font-family: BioRhyme\" data-font=\"BioRhyme\" class=\"mailpoet-has-font\">Tenez-moi au courant de l&rsquo;ouverture !<\/span><\/h1>\n<div class='mailpoet_form_columns_container'><div class=\"mailpoet_form_columns mailpoet_paragraph mailpoet_stack_on_mobile\"><div class=\"mailpoet_form_column\" style=\"flex-basis:10%;\"><\/div>\n<div class=\"mailpoet_form_column\" style=\"flex-basis:40%;\"><div class=\"mailpoet_paragraph \"><style>input[name=\"data[form_field_MGYwOTUyYmYzZDU1X2VtYWls]\"]::placeholder{color:#abb8c3;opacity: 1;}<\/style><input type=\"email\" autocomplete=\"email\" class=\"mailpoet_text\" id=\"form_email_2\" name=\"data[form_field_MGYwOTUyYmYzZDU1X2VtYWls]\" title=\"Adresse e-mail\" value=\"\" style=\"width:100%;box-sizing:border-box;background-color:#eeeeee;border-style:solid;border-radius:8px !important;border-width:0px;border-color:#313131;padding:16px;margin: 0 auto 0 0;font-family:&#039;Montserrat&#039;;font-size:20px;line-height:1.5;height:auto;color:#abb8c3;\" data-automation-id=\"form_email\"  placeholder=\"Adresse e-mail *\" aria-label=\"Adresse e-mail *\" data-parsley-errors-container=\".mailpoet_error_19nbl\" data-parsley-required=\"true\" required aria-required=\"true\" data-parsley-minlength=\"6\" data-parsley-maxlength=\"150\" data-parsley-type-message=\"Cette valeur doit \u00eatre un e-mail valide.\" data-parsley-required-message=\"Ce champ est n\u00e9cessaire.\"\/><span class=\"mailpoet_error_19nbl\"><\/span><\/div>\n<\/div>\n<div class=\"mailpoet_form_column\" style=\"flex-basis:40%;\"><div class=\"mailpoet_paragraph \"><input type=\"submit\" class=\"mailpoet_submit\" value=\"Recevoir les news\" data-automation-id=\"subscribe-submit-button\" data-font-family='Montserrat' style=\"width:100%;box-sizing:border-box;background-color:#44094d;border-style:solid;border-radius:8px !important;border-width:0px;padding:16px;margin: 0 auto 0 0;font-family:&#039;Montserrat&#039;;font-size:20px;line-height:1.5;height:auto;color:#f2f2f2;border-color:transparent;font-weight:bold;\" \/><span class=\"mailpoet_form_loading\"><span class=\"mailpoet_bounce1\"><\/span><span class=\"mailpoet_bounce2\"><\/span><span class=\"mailpoet_bounce3\"><\/span><\/span><\/div>\n<\/div>\n<div class=\"mailpoet_form_column\" style=\"flex-basis:10%;\"><\/div>\n<\/div><\/div>\n<p class=\"mailpoet_form_paragraph  mailpoet-has-font-size\" style=\"text-align: center; font-size: 13px; line-height: 1.5\"><em><span style=\"font-family: Montserrat\" data-font=\"Montserrat\" class=\"mailpoet-has-font\">Nous ne spammons pas\u00a0! Consultez notre <a href=\"#\">politique de confidentialit\u00e9<\/a><\/span><\/em><\/p>\n\n      <div class=\"mailpoet_message\">\n        <p class=\"mailpoet_validate_success\"\n                style=\"display:none;\"\n                >V\u00e9rifiez votre boite de r\u00e9ception ou votre r\u00e9pertoire d\u2019ind\u00e9sirables pour confirmer votre abonnement.\n        <\/p>\n        <p class=\"mailpoet_validate_error\"\n                style=\"display:none;\"\n                >        <\/p>\n      <\/div>\n    <\/form>\n\n      <\/div>\n\n  \n\n\n<div class=\"wp-block-cover\"><img loading=\"lazy\" decoding=\"async\" width=\"635\" height=\"1024\" class=\"wp-block-cover__image-background wp-image-62 size-large\" alt=\"\" src=\"https:\/\/les-chaudieres.fr\/wp-content\/uploads\/2026\/01\/Fond_lowres-635x1024.jpg\" style=\"object-position:50% 50%\" data-object-fit=\"cover\" data-object-position=\"50% 50%\" srcset=\"https:\/\/les-chaudieres.fr\/wp-content\/uploads\/2026\/01\/Fond_lowres-635x1024.jpg 635w, https:\/\/les-chaudieres.fr\/wp-content\/uploads\/2026\/01\/Fond_lowres-186x300.jpg 186w, https:\/\/les-chaudieres.fr\/wp-content\/uploads\/2026\/01\/Fond_lowres-768x1238.jpg 768w, https:\/\/les-chaudieres.fr\/wp-content\/uploads\/2026\/01\/Fond_lowres-953x1536.jpg 953w, https:\/\/les-chaudieres.fr\/wp-content\/uploads\/2026\/01\/Fond_lowres-1270x2048.jpg 1270w, https:\/\/les-chaudieres.fr\/wp-content\/uploads\/2026\/01\/Fond_lowres-1320x2128.jpg 1320w, https:\/\/les-chaudieres.fr\/wp-content\/uploads\/2026\/01\/Fond_lowres-scaled.jpg 1588w\" sizes=\"auto, (max-width: 635px) 100vw, 635px\" \/><span aria-hidden=\"true\" class=\"wp-block-cover__background has-custom-aubergine-background-color has-background-dim\"><\/span><div class=\"wp-block-cover__inner-container is-layout-flow wp-block-cover-is-layout-flow\">\n<figure class=\"wp-block-image size-full\"><img loading=\"lazy\" decoding=\"async\" width=\"938\" height=\"938\" src=\"https:\/\/les-chaudieres.fr\/wp-content\/uploads\/2026\/01\/1.png\" alt=\"\" class=\"wp-image-35\" srcset=\"https:\/\/les-chaudieres.fr\/wp-content\/uploads\/2026\/01\/1.png 938w, https:\/\/les-chaudieres.fr\/wp-content\/uploads\/2026\/01\/1-300x300.png 300w, https:\/\/les-chaudieres.fr\/wp-content\/uploads\/2026\/01\/1-150x150.png 150w, https:\/\/les-chaudieres.fr\/wp-content\/uploads\/2026\/01\/1-768x768.png 768w\" sizes=\"auto, (max-width: 938px) 100vw, 938px\" \/><\/figure>\n\n\n\n<p class=\"has-text-align-center is-style-default has-phatt-phreddy-nf-font-family has-x-large-font-size\">Les Chaudi\u00e8res<\/p>\n\n\n\n<p class=\"has-text-align-center has-large-font-size\">Le club sauna priv\u00e9 et associatif Les Chaudi\u00e8res vise \u00e0 cr\u00e9er un espace s\u00e9curis\u00e9 et militant sur Nantes pour explorer<br>la sexualit\u00e9 sous toutes ses formes.<\/p>\n<\/div><\/div>\n\n\n\n<hr class=\"wp-block-separator has-alpha-channel-opacity\"\/>\n\n\n\n<hr class=\"wp-block-separator has-alpha-channel-opacity\"\/>\n\n\n\n<div class=\"wp-block-query is-layout-flow wp-block-query-is-layout-flow\"><ul class=\"wp-block-post-template is-layout-flow wp-block-post-template-is-layout-flow\"><li class=\"wp-block-post post-123 post type-post status-publish format-standard has-post-thumbnail hentry category-non-classe\">\n<h2 class=\"wp-block-post-title\"><a href=\"https:\/\/les-chaudieres.fr\/?p=123\" target=\"_self\" >Pourquoi pas de \u00ab\u00a0tenue correcte exig\u00e9e\u00a0\u00bb aux Chaudi\u00e8res\u00a0?<\/a><\/h2>\n\n<figure class=\"alignwide wp-block-post-featured-image\"><a href=\"https:\/\/les-chaudieres.fr\/?p=123\" target=\"_self\"  ><img loading=\"lazy\" decoding=\"async\" width=\"1920\" height=\"1080\" src=\"https:\/\/les-chaudieres.fr\/wp-content\/uploads\/2026\/03\/laura-chouette-2NkHVzVay-A-unsplash.jpg\" class=\"attachment-post-thumbnail size-post-thumbnail wp-post-image\" alt=\"Pourquoi pas de \u00ab\u00a0tenue correcte exig\u00e9e\u00a0\u00bb aux Chaudi\u00e8res\u00a0?\" style=\"object-fit:cover;\" srcset=\"https:\/\/les-chaudieres.fr\/wp-content\/uploads\/2026\/03\/laura-chouette-2NkHVzVay-A-unsplash.jpg 1920w, https:\/\/les-chaudieres.fr\/wp-content\/uploads\/2026\/03\/laura-chouette-2NkHVzVay-A-unsplash-300x169.jpg 300w, https:\/\/les-chaudieres.fr\/wp-content\/uploads\/2026\/03\/laura-chouette-2NkHVzVay-A-unsplash-1024x576.jpg 1024w, https:\/\/les-chaudieres.fr\/wp-content\/uploads\/2026\/03\/laura-chouette-2NkHVzVay-A-unsplash-768x432.jpg 768w, https:\/\/les-chaudieres.fr\/wp-content\/uploads\/2026\/03\/laura-chouette-2NkHVzVay-A-unsplash-1536x864.jpg 1536w, https:\/\/les-chaudieres.fr\/wp-content\/uploads\/2026\/03\/laura-chouette-2NkHVzVay-A-unsplash-1320x743.jpg 1320w\" sizes=\"auto, (max-width: 1920px) 100vw, 1920px\" \/><\/a><\/figure>\n\n<div style=\"padding-top:0;padding-bottom:0;padding-left:0;padding-right:0;margin-top:0;margin-bottom:0;\" class=\"wp-block-post-excerpt\"><p class=\"wp-block-post-excerpt__excerpt\">C&rsquo;est un sujet qui varie \u00e9norm\u00e9ment d&rsquo;un club \u00e0 l&rsquo;autre : Tant\u00f4t tel club libertin impose une tenue particuli\u00e8rement guind\u00e9e,\u2026 <a class=\"wp-block-post-excerpt__more-link\" href=\"https:\/\/les-chaudieres.fr\/?p=123\">Lire l&rsquo;article en entier<\/a><\/p><\/div>\n\n\n<hr class=\"wp-block-separator has-css-opacity\"\/>\n\n\n<div class=\"wp-block-post-date\"><time datetime=\"2026-03-23T22:12:12+01:00\">23 mars 2026<\/time><\/div>\n<\/li><li class=\"wp-block-post post-108 post type-post status-publish format-standard has-post-thumbnail hentry category-non-classe\">\n<h2 class=\"wp-block-post-title\"><a href=\"https:\/\/les-chaudieres.fr\/?p=108\" target=\"_self\" >C\u2019est quoi un munch ?<\/a><\/h2>\n\n<figure class=\"alignwide wp-block-post-featured-image\"><a href=\"https:\/\/les-chaudieres.fr\/?p=108\" target=\"_self\"  ><img loading=\"lazy\" decoding=\"async\" width=\"960\" height=\"540\" src=\"https:\/\/les-chaudieres.fr\/wp-content\/uploads\/2026\/02\/1millikarat-_xvTAL2_crA-unsplash-edited.jpg\" class=\"attachment-post-thumbnail size-post-thumbnail wp-post-image\" alt=\"C\u2019est quoi un munch ?\" style=\"object-fit:cover;\" srcset=\"https:\/\/les-chaudieres.fr\/wp-content\/uploads\/2026\/02\/1millikarat-_xvTAL2_crA-unsplash-edited.jpg 960w, https:\/\/les-chaudieres.fr\/wp-content\/uploads\/2026\/02\/1millikarat-_xvTAL2_crA-unsplash-edited-300x169.jpg 300w, https:\/\/les-chaudieres.fr\/wp-content\/uploads\/2026\/02\/1millikarat-_xvTAL2_crA-unsplash-edited-768x432.jpg 768w\" sizes=\"auto, (max-width: 960px) 100vw, 960px\" \/><\/a><\/figure>\n\n<div style=\"padding-top:0;padding-bottom:0;padding-left:0;padding-right:0;margin-top:0;margin-bottom:0;\" class=\"wp-block-post-excerpt\"><p class=\"wp-block-post-excerpt__excerpt\">On nous pose souvent la question.Et c\u2019est normal : quand on ne conna\u00eet pas le milieu BDSM, le mot peut\u2026 <a class=\"wp-block-post-excerpt__more-link\" href=\"https:\/\/les-chaudieres.fr\/?p=108\">Lire l&rsquo;article en entier<\/a><\/p><\/div>\n\n\n<hr class=\"wp-block-separator has-css-opacity\"\/>\n\n\n<div class=\"wp-block-post-date\"><time datetime=\"2026-02-11T17:11:51+01:00\">11 f\u00e9vrier 2026<\/time><\/div>\n<\/li><li class=\"wp-block-post post-83 post type-post status-publish format-standard has-post-thumbnail hentry category-non-classe\">\n<h2 class=\"wp-block-post-title\"><a href=\"https:\/\/les-chaudieres.fr\/?p=83\" target=\"_self\" >Pourquoi un sauna club de plus sur Nantes ?<\/a><\/h2>\n\n<figure class=\"alignwide wp-block-post-featured-image\"><a href=\"https:\/\/les-chaudieres.fr\/?p=83\" target=\"_self\"  ><img loading=\"lazy\" decoding=\"async\" width=\"2560\" height=\"1439\" src=\"https:\/\/les-chaudieres.fr\/wp-content\/uploads\/2026\/01\/jean-luc-benazet-5CiMFTlMMX0-unsplash-edited-scaled.jpg\" class=\"attachment-post-thumbnail size-post-thumbnail wp-post-image\" alt=\"Pourquoi un sauna club de plus sur Nantes ?\" style=\"object-fit:cover;\" srcset=\"https:\/\/les-chaudieres.fr\/wp-content\/uploads\/2026\/01\/jean-luc-benazet-5CiMFTlMMX0-unsplash-edited-scaled.jpg 2560w, https:\/\/les-chaudieres.fr\/wp-content\/uploads\/2026\/01\/jean-luc-benazet-5CiMFTlMMX0-unsplash-edited-300x169.jpg 300w, https:\/\/les-chaudieres.fr\/wp-content\/uploads\/2026\/01\/jean-luc-benazet-5CiMFTlMMX0-unsplash-edited-1024x576.jpg 1024w, https:\/\/les-chaudieres.fr\/wp-content\/uploads\/2026\/01\/jean-luc-benazet-5CiMFTlMMX0-unsplash-edited-768x432.jpg 768w, https:\/\/les-chaudieres.fr\/wp-content\/uploads\/2026\/01\/jean-luc-benazet-5CiMFTlMMX0-unsplash-edited-1536x863.jpg 1536w, https:\/\/les-chaudieres.fr\/wp-content\/uploads\/2026\/01\/jean-luc-benazet-5CiMFTlMMX0-unsplash-edited-2048x1151.jpg 2048w, https:\/\/les-chaudieres.fr\/wp-content\/uploads\/2026\/01\/jean-luc-benazet-5CiMFTlMMX0-unsplash-edited-1320x742.jpg 1320w\" sizes=\"auto, (max-width: 2560px) 100vw, 2560px\" \/><\/a><\/figure>\n\n<div style=\"padding-top:0;padding-bottom:0;padding-left:0;padding-right:0;margin-top:0;margin-bottom:0;\" class=\"wp-block-post-excerpt\"><p class=\"wp-block-post-excerpt__excerpt\">Nombreuses sont les personnes qui pourraient vous confirmer ces \u00e9tats de faits, au sujet des saunas de type \u00ab\u00a0Club libertin\u00a0\u00bb\u2026 <a class=\"wp-block-post-excerpt__more-link\" href=\"https:\/\/les-chaudieres.fr\/?p=83\">Lire l&rsquo;article en entier<\/a><\/p><\/div>\n\n\n<hr class=\"wp-block-separator has-css-opacity\"\/>\n\n\n<div class=\"wp-block-post-date\"><time datetime=\"2026-01-22T14:18:20+01:00\">22 janvier 2026<\/time><\/div>\n<\/li><li class=\"wp-block-post post-1 post type-post status-publish format-standard has-post-thumbnail hentry category-non-classe\">\n<h2 class=\"wp-block-post-title\"><a href=\"https:\/\/les-chaudieres.fr\/?p=1\" target=\"_self\" >Bienvenue sur le blog des Chaudi\u00e8res!<\/a><\/h2>\n\n<figure class=\"alignwide wp-block-post-featured-image\"><a href=\"https:\/\/les-chaudieres.fr\/?p=1\" target=\"_self\"  ><img loading=\"lazy\" decoding=\"async\" width=\"1590\" height=\"1061\" src=\"https:\/\/les-chaudieres.fr\/wp-content\/uploads\/2026\/01\/bas-peperzak-L9TPzpnuhyA-unsplash.jpg\" class=\"attachment-post-thumbnail size-post-thumbnail wp-post-image\" alt=\"Bienvenue sur le blog des Chaudi\u00e8res!\" style=\"object-fit:cover;\" srcset=\"https:\/\/les-chaudieres.fr\/wp-content\/uploads\/2026\/01\/bas-peperzak-L9TPzpnuhyA-unsplash.jpg 1590w, https:\/\/les-chaudieres.fr\/wp-content\/uploads\/2026\/01\/bas-peperzak-L9TPzpnuhyA-unsplash-300x200.jpg 300w, https:\/\/les-chaudieres.fr\/wp-content\/uploads\/2026\/01\/bas-peperzak-L9TPzpnuhyA-unsplash-1024x683.jpg 1024w, https:\/\/les-chaudieres.fr\/wp-content\/uploads\/2026\/01\/bas-peperzak-L9TPzpnuhyA-unsplash-768x512.jpg 768w, https:\/\/les-chaudieres.fr\/wp-content\/uploads\/2026\/01\/bas-peperzak-L9TPzpnuhyA-unsplash-1536x1025.jpg 1536w, https:\/\/les-chaudieres.fr\/wp-content\/uploads\/2026\/01\/bas-peperzak-L9TPzpnuhyA-unsplash-1320x881.jpg 1320w\" sizes=\"auto, (max-width: 1590px) 100vw, 1590px\" \/><\/a><\/figure>\n\n<div style=\"padding-top:0;padding-bottom:0;padding-left:0;padding-right:0;margin-top:0;margin-bottom:0;\" class=\"wp-block-post-excerpt\"><p class=\"wp-block-post-excerpt__excerpt\">Les Chaudi\u00e8res c&rsquo;est quoi ? C&rsquo;est un projet associatif priv\u00e9 qui veut cr\u00e9er, \u00e0 Nantes, un espace queer et f\u00e9ministe\u2026 <a class=\"wp-block-post-excerpt__more-link\" href=\"https:\/\/les-chaudieres.fr\/?p=1\">Lire l&rsquo;article en entier<\/a><\/p><\/div>\n\n\n<hr class=\"wp-block-separator has-css-opacity\"\/>\n\n\n<div class=\"wp-block-post-date\"><time datetime=\"2026-01-11T23:05:38+01:00\">11 janvier 2026<\/time><\/div>\n<\/li><\/ul><\/div>\n\n\n\n<div class=\"wp-block-group is-content-justification-space-between is-nowrap is-layout-flex wp-container-core-group-is-layout-cb46ffcb wp-block-group-is-layout-flex\">\n\n<\/div>\n\n\n\n<div class=\"wp-block-group alignfull has-background has-global-padding is-layout-constrained wp-container-core-group-is-layout-3bfa357b wp-block-group-is-layout-constrained\" style=\"background-color:#00000008;padding-top:var(--wp--preset--spacing--50);padding-right:var(--wp--preset--spacing--40);padding-bottom:var(--wp--preset--spacing--50);padding-left:var(--wp--preset--spacing--40)\">\n<div class=\"wp-block-group alignwide is-content-justification-space-between is-layout-flex wp-container-core-group-is-layout-cdd4a880 wp-block-group-is-layout-flex\">\n<div class=\"wp-block-group wp-container-content-9cfa9a5a has-global-padding is-content-justification-left is-layout-constrained wp-container-core-group-is-layout-12dd3699 wp-block-group-is-layout-constrained\">\n<p class=\"has-text-align-left is-style-default\" style=\"font-size:clamp(0.875rem, 0.875rem + ((1vw - 0.2rem) * 0.039), 0.9rem);font-style:normal;font-weight:600;letter-spacing:1px;text-transform:uppercase\">Rechercher un article<\/p>\n\n\n<form role=\"search\" method=\"get\" action=\"https:\/\/les-chaudieres.fr\/\" class=\"wp-block-search__button-outside wp-block-search__icon-button wp-block-search\"    ><label class=\"wp-block-search__label screen-reader-text\" for=\"wp-block-search__input-1\" >Search<\/label><div class=\"wp-block-search__inside-wrapper\"  style=\"width: 100%\"><input class=\"wp-block-search__input\" id=\"wp-block-search__input-1\" placeholder=\"\" value=\"\" type=\"search\" name=\"s\" required  style=\"border-width: 1px\"\/><button aria-label=\"Search\" class=\"wp-block-search__button has-text-color has-custom-gris-clair-color has-background has-contrast-background-color has-icon wp-element-button\" type=\"submit\"  style=\"border-width: 1px\"><svg class=\"search-icon\" viewBox=\"0 0 24 24\" width=\"24\" height=\"24\">\n\t\t\t\t\t<path d=\"M13 5c-3.3 0-6 2.7-6 6 0 1.4.5 2.7 1.3 3.7l-3.8 3.8 1.1 1.1 3.8-3.8c1 .8 2.3 1.3 3.7 1.3 3.3 0 6-2.7 6-6S16.3 5 13 5zm0 10.5c-2.5 0-4.5-2-4.5-4.5s2-4.5 4.5-4.5 4.5 2 4.5 4.5-2 4.5-4.5 4.5z\"><\/path>\n\t\t\t\t<\/svg><\/button><\/div><\/form><\/div>\n\n\n\n<div class=\"wp-block-group is-content-justification-right is-nowrap is-layout-flex wp-container-core-group-is-layout-469b99a4 wp-block-group-is-layout-flex\">\n<div class=\"wp-block-group is-vertical is-layout-flex wp-container-core-group-is-layout-fe9cc265 wp-block-group-is-layout-flex\">\n<p class=\"has-text-align-left\" style=\"font-size:clamp(0.875rem, 0.875rem + ((1vw - 0.2rem) * 0.039), 0.9rem);font-style:normal;font-weight:600;letter-spacing:1px;text-transform:uppercase\">Nos R\u00e9seaux<\/p>\n\n\n\n<div class=\"wp-block-group has-small-font-size is-vertical is-content-justification-left is-layout-flex wp-container-core-group-is-layout-32091062 wp-block-group-is-layout-flex\">\n<p><a href=\"https:\/\/fetlife.com\/Les_Chaudieres\" target=\"_blank\" rel=\"noreferrer noopener\">Fetlife<\/a><\/p>\n\n\n\n<p><a href=\"https:\/\/www.instagram.com\/leschaudieres.club\" target=\"_blank\" rel=\"noreferrer noopener\">Instagram<\/a><\/p>\n\n\n\n<p><a href=\"https:\/\/www.tiktok.com\/@leschaudieresclub\" target=\"_blank\" rel=\"noreferrer noopener\">Tiktok<\/a><\/p>\n<\/div>\n<\/div>\n<\/div>\n<\/div>\n\n\n\n<div style=\"height:48px\" aria-hidden=\"true\" class=\"wp-block-spacer\"><\/div>\n\n\n\n<div class=\"wp-block-group alignwide is-content-justification-space-between is-layout-flex wp-container-core-group-is-layout-b585a4aa wp-block-group-is-layout-flex\">\n<div class=\"wp-block-group is-layout-flex wp-block-group-is-layout-flex\"><h1 class=\"wp-block-site-title has-small-font-size\"><a href=\"https:\/\/les-chaudieres.fr\" target=\"_self\" rel=\"home\">Les Chaudi\u00e8res<\/a><\/h1><\/div>\n<\/div>\n<\/div>\n","protected":false},"excerpt":{"rendered":"<p>Rechercher un article Nos R\u00e9seaux Fetlife Instagram Tiktok<\/p>\n","protected":false},"author":1,"featured_media":0,"parent":0,"menu_order":0,"comment_status":"closed","ping_status":"closed","template":"","meta":{"footnotes":""},"class_list":["post-34","page","type-page","status-publish","hentry"],"_links":{"self":[{"href":"https:\/\/les-chaudieres.fr\/index.php?rest_route=\/wp\/v2\/pages\/34","targetHints":{"allow":["GET"]}}],"collection":[{"href":"https:\/\/les-chaudieres.fr\/index.php?rest_route=\/wp\/v2\/pages"}],"about":[{"href":"https:\/\/les-chaudieres.fr\/index.php?rest_route=\/wp\/v2\/types\/page"}],"author":[{"embeddable":true,"href":"https:\/\/les-chaudieres.fr\/index.php?rest_route=\/wp\/v2\/users\/1"}],"replies":[{"embeddable":true,"href":"https:\/\/les-chaudieres.fr\/index.php?rest_route=%2Fwp%2Fv2%2Fcomments&post=34"}],"version-history":[{"count":22,"href":"https:\/\/les-chaudieres.fr\/index.php?rest_route=\/wp\/v2\/pages\/34\/revisions"}],"predecessor-version":[{"id":107,"href":"https:\/\/les-chaudieres.fr\/index.php?rest_route=\/wp\/v2\/pages\/34\/revisions\/107"}],"wp:attachment":[{"href":"https:\/\/les-chaudieres.fr\/index.php?rest_route=%2Fwp%2Fv2%2Fmedia&parent=34"}],"curies":[{"name":"wp","href":"https:\/\/api.w.org\/{rel}","templated":true}]}}